{"id":1022,"date":"2025-06-30T05:15:41","date_gmt":"2025-06-30T05:15:41","guid":{"rendered":"https:\/\/mirabooks.blog\/home\/"},"modified":"2025-06-29T19:14:02","modified_gmt":"2025-06-29T19:14:02","slug":"home","status":"publish","type":"page","link":"https:\/\/mirabooks.blog\/lt_lt\/","title":{"rendered":"Oaz\u0117"},"content":{"rendered":"\n<div class=\"wp-block-uagb-container uagb-block-c4295bed alignfull uagb-is-root-container\"><div class=\"uagb-container-inner-blocks-wrap\">\n<div class=\"wp-block-uagb-advanced-heading uagb-block-be14bdee\"><h2 class=\"uagb-heading-text\"><em>\u201eTie, kurie skaito, gyvena t\u016bkstan\u010dius gyvenim\u0173. Tie, kurie neskaito \u2013 tik vien\u0105.\u201c<\/em><\/h2><\/div>\n\n\n\n<div class=\"wp-block-columns is-layout-flex wp-container-core-columns-is-layout-28f84493 wp-block-columns-is-layout-flex\">\n<div class=\"wp-block-column is-layout-flow wp-block-column-is-layout-flow\" style=\"flex-basis:100%\">\n<div class=\"wp-block-group is-layout-constrained wp-block-group-is-layout-constrained\">\n<div class=\"wp-block-columns is-layout-flex wp-container-core-columns-is-layout-28f84493 wp-block-columns-is-layout-flex\">\n<div class=\"wp-block-column is-layout-flow wp-block-column-is-layout-flow\">\n<blockquote class=\"wp-block-quote is-layout-flow wp-block-quote-is-layout-flow\">\n<p><strong>George R. R. Martin<\/strong><\/p>\n<\/blockquote>\n<\/div>\n<\/div>\n<\/div>\n<\/div>\n<\/div>\n<\/div><\/div>\n\n\n\n<div class=\"wp-block-uagb-container uagb-block-73f6935d alignfull uagb-is-root-container\"><div class=\"uagb-container-inner-blocks-wrap\">\n<div class=\"wp-block-uagb-advanced-heading uagb-block-56987863\"><h2 class=\"uagb-heading-text\">Vien\u0105 dien\u0105 atveri knyg\u0105 \u2013 ir nebesi tas pats. \u017dod\u017eiai tampa tiltais \u012f kitus pasaulius, o kiekvienas puslapis \u2013 ma\u017eas stebuklas, kuris kei\u010dia tave i\u0161 vidaus.<\/h2><\/div>\n\n\n\n<div class=\"wp-block-columns is-layout-flex wp-container-core-columns-is-layout-28f84493 wp-block-columns-is-layout-flex\">\n<div class=\"wp-block-column is-layout-flow wp-block-column-is-layout-flow\" style=\"flex-basis:100%\"><\/div>\n<\/div>\n\n\n\n<div class=\"wp-block-uagb-container uagb-block-1e3a2adb alignfull uagb-is-root-container\"><div class=\"uagb-container-inner-blocks-wrap\">\n<div class=\"wp-block-uagb-advanced-heading uagb-block-d2371035\"><h2 class=\"uagb-heading-text\">Paskutiniai atradimai<\/h2><div class=\"uagb-separator\"><\/div><\/div>\n\n\n\n<div class=\"wp-block-columns is-layout-flex wp-container-core-columns-is-layout-28f84493 wp-block-columns-is-layout-flex\">\n<div class=\"wp-block-column is-layout-flow wp-block-column-is-layout-flow\">\n<div class=\"wp-block-uagb-image uagb-block-9a30c8f5 wp-block-uagb-image--layout-default wp-block-uagb-image--effect-static wp-block-uagb-image--align-none\"><figure class=\"wp-block-uagb-image__figure\"><img loading=\"lazy\" decoding=\"async\" srcset=\"https:\/\/mirabooks.blog\/wp-content\/uploads\/2025\/06\/idiot-1.jpg ,https:\/\/mirabooks.blog\/wp-content\/uploads\/2025\/06\/idiot-1.jpg 780w, https:\/\/mirabooks.blog\/wp-content\/uploads\/2025\/06\/idiot-1.jpg 360w\" sizes=\"auto, (max-width: 480px) 150px\" src=\"https:\/\/mirabooks.blog\/wp-content\/uploads\/2025\/06\/idiot-1.jpg\" alt=\"\" class=\"uag-image-2620\" width=\"528\" height=\"841\" title=\"idiot\" loading=\"lazy\" role=\"img\"\/><\/figure><\/div>\n<\/div>\n\n\n\n<div class=\"wp-block-column is-layout-flow wp-block-column-is-layout-flow\">\n<div class=\"wp-block-uagb-image uagb-block-8f3faf0a wp-block-uagb-image--layout-default wp-block-uagb-image--effect-static wp-block-uagb-image--align-none\" id=\"https:\/\/mirabooks.blog\/lt_lt\/triju-kunu-problema\/\"><figure class=\"wp-block-uagb-image__figure\"><img loading=\"lazy\" decoding=\"async\" srcset=\"https:\/\/mirabooks.blog\/wp-content\/uploads\/2025\/08\/triju-kunu-problema.jpg ,https:\/\/mirabooks.blog\/wp-content\/uploads\/2025\/08\/triju-kunu-problema.jpg 780w, https:\/\/mirabooks.blog\/wp-content\/uploads\/2025\/08\/triju-kunu-problema.jpg 360w\" sizes=\"auto, (max-width: 480px) 150px\" src=\"https:\/\/mirabooks.blog\/wp-content\/uploads\/2025\/08\/triju-kunu-problema.jpg\" alt=\"\" class=\"uag-image-3009\" width=\"338\" height=\"536\" title=\"triju kunu problema\" loading=\"lazy\" role=\"img\"\/><\/figure><\/div>\n<\/div>\n\n\n\n<div class=\"wp-block-column is-layout-flow wp-block-column-is-layout-flow\">\n<div class=\"wp-block-uagb-image uagb-block-48f31e67 wp-block-uagb-image--layout-default wp-block-uagb-image--effect-static wp-block-uagb-image--align-none\"><figure class=\"wp-block-uagb-image__figure\"><img loading=\"lazy\" decoding=\"async\" srcset=\"https:\/\/mirabooks.blog\/wp-content\/uploads\/2025\/06\/oplot.jpg ,https:\/\/mirabooks.blog\/wp-content\/uploads\/2025\/06\/oplot.jpg 780w, https:\/\/mirabooks.blog\/wp-content\/uploads\/2025\/06\/oplot.jpg 360w\" sizes=\"auto, (max-width: 480px) 150px\" src=\"https:\/\/mirabooks.blog\/wp-content\/uploads\/2025\/06\/oplot.jpg\" alt=\"\" class=\"uag-image-2622\" width=\"457\" height=\"718\" title=\"oplot\" loading=\"lazy\" role=\"img\"\/><\/figure><\/div>\n<\/div>\n<\/div>\n<\/div><\/div>\n\n\n\n<div class=\"wp-block-uagb-container uagb-block-ef4a5186\">\n<div class=\"wp-block-uagb-container uagb-block-32d1113d\">\n<div class=\"wp-block-uagb-image uagb-block-c59afb81 wp-block-uagb-image--layout-default wp-block-uagb-image--effect-static wp-block-uagb-image--align-none\"><figure class=\"wp-block-uagb-image__figure\"><img loading=\"lazy\" decoding=\"async\" srcset=\"https:\/\/mirabooks.blog\/wp-content\/uploads\/2026\/02\/2026diagrama-1.jpg ,https:\/\/mirabooks.blog\/wp-content\/uploads\/2026\/02\/2026diagrama-1.jpg 780w, https:\/\/mirabooks.blog\/wp-content\/uploads\/2026\/02\/2026diagrama-1.jpg 360w\" sizes=\"auto, (max-width: 480px) 150px\" src=\"https:\/\/mirabooks.blog\/wp-content\/uploads\/2026\/02\/2026diagrama-1.jpg\" alt=\"\" class=\"uag-image-3698\" width=\"630\" height=\"470\" title=\"2026diagrama\" loading=\"lazy\" role=\"img\"\/><\/figure><\/div>\n<\/div>\n<\/div>\n<\/div><\/div>\n\n\n\n<div class=\"wp-block-uagb-container uagb-block-3c90aa22 alignfull uagb-is-root-container\"><div class=\"uagb-container-inner-blocks-wrap\">\n<div class=\"wp-block-uagb-container uagb-block-601ab7fc alignfull uagb-is-root-container\"><div class=\"uagb-container-inner-blocks-wrap\">\n<div class=\"wp-block-uagb-info-box uagb-block-13475469 uagb-infobox__content-wrap  uagb-infobox-icon-above-title uagb-infobox-image-valign-top\"><div class=\"uagb-ifb-content\"><div class=\"uagb-ifb-icon-wrap\"><svg xmlns=\"https:\/\/www.w3.org\/2000\/svg\" viewBox=\"0 0 448 512\"><path d=\"M96 96C42.98 96 0 138.1 0 192s42.98 96 96 96c11.28 0 21.95-2.305 32-5.879V288c0 35.3-28.7 64-64 64c-17.67 0-32 14.33-32 32s14.33 32 32 32c70.58 0 128-57.42 128-128V192C192 138.1 149 96 96 96zM448 192c0-53.02-42.98-96-96-96s-96 42.98-96 96s42.98 96 96 96c11.28 0 21.95-2.305 32-5.879V288c0 35.3-28.7 64-64 64c-17.67 0-32 14.33-32 32s14.33 32 32 32c70.58 0 128-57.42 128-128V192z\"><\/path><\/svg><\/div><div class=\"uagb-ifb-title-wrap\"><h2 class=\"uagb-ifb-title\">Knygos yra daug daugiau nei tik informacijos \u0161altinis. Jos padeda mums mokytis, geriau suprasti \u012fvairias mintis ir situacijas. Skaitydami mes ne tik renkam\u0117s \u017einias, bet ir \u012fgyjame nauj\u0173 jausm\u0173 bei patirties, kuri padeda pa\u017einti save ir pasaul\u012f. Knyg\u0173 skaitymas ir apm\u0105stymas moko mus m\u0105styti kriti\u0161kai, ie\u0161koti prasm\u0117s ir gerbti skirtingas nuomones. Tod\u0117l knygos yra svarbi dalis kiekvieno \u017emogaus gyvenime, kuris nori b\u016bti i\u0161mintingas ir jautrus.<\/h2><\/div><\/div><\/div>\n<\/div><\/div>\n<\/div><\/div>\n\n\n\n<div class=\"wp-block-uagb-container uagb-block-ef85b9a6 alignfull uagb-is-root-container\"><div class=\"uagb-container-inner-blocks-wrap\"><\/div><\/div>\n\n\n\n<p><\/p>\n\n\n","protected":false},"excerpt":{"rendered":"<p>\u201eTie, kurie skaito, gyvena t\u016bkstan\u010dius gyvenim\u0173. Tie, kurie neskaito \u2013 tik vien\u0105.\u201c George R. R. Martin Vien\u0105 dien\u0105 atveri knyg\u0105 \u2013 ir nebesi tas pats. \u017dod\u017eiai tampa tiltais \u012f kitus pasaulius, o kiekvienas puslapis \u2013 ma\u017eas stebuklas, kuris kei\u010dia tave i\u0161 vidaus. Paskutiniai atradimai<\/p>\n","protected":false},"author":1,"featured_media":0,"parent":0,"menu_order":0,"comment_status":"closed","ping_status":"closed","template":"","meta":{"_acf_changed":false,"_uag_custom_page_level_css":"","site-sidebar-layout":"no-sidebar","site-content-layout":"plain-container","ast-site-content-layout":"normal-width-container","site-content-style":"unboxed","site-sidebar-style":"unboxed","ast-global-header-display":"","ast-banner-title-visibility":"","ast-main-header-display":"","ast-hfb-above-header-display":"","ast-hfb-below-header-display":"","ast-hfb-mobile-header-display":"","site-post-title":"disabled","ast-breadcrumbs-content":"disabled","ast-featured-img":"","footer-sml-layout":"","theme-transparent-header-meta":"disabled","adv-header-id-meta":"","stick-header-meta":"","header-above-stick-meta":"","header-main-stick-meta":"","header-below-stick-meta":"","astra-migrate-meta-layouts":"set","ast-page-background-enabled":"default","ast-page-background-meta":{"desktop":{"background-color":"var(--ast-global-color-4)","background-image":"","background-repeat":"repeat","background-position":"center center","background-size":"auto","background-attachment":"scroll","background-type":"","background-media":"","overlay-type":"","overlay-color":"","overlay-opacity":"","overlay-gradient":""},"tablet":{"background-color":"","background-image":"","background-repeat":"repeat","background-position":"center center","background-size":"auto","background-attachment":"scroll","background-type":"","background-media":"","overlay-type":"","overlay-color":"","overlay-opacity":"","overlay-gradient":""},"mobile":{"background-color":"","background-image":"","background-repeat":"repeat","background-position":"center center","background-size":"auto","background-attachment":"scroll","background-type":"","background-media":"","overlay-type":"","overlay-color":"","overlay-opacity":"","overlay-gradient":""}},"ast-content-background-meta":{"desktop":{"background-color":"var(--ast-global-color-5)","background-image":"","background-repeat":"repeat","background-position":"center center","background-size":"auto","background-attachment":"scroll","background-type":"","background-media":"","overlay-type":"","overlay-color":"","overlay-opacity":"","overlay-gradient":""},"tablet":{"background-color":"var(--ast-global-color-5)","background-image":"","background-repeat":"repeat","background-position":"center center","background-size":"auto","background-attachment":"scroll","background-type":"","background-media":"","overlay-type":"","overlay-color":"","overlay-opacity":"","overlay-gradient":""},"mobile":{"background-color":"var(--ast-global-color-5)","background-image":"","background-repeat":"repeat","background-position":"center center","background-size":"auto","background-attachment":"scroll","background-type":"","background-media":"","overlay-type":"","overlay-color":"","overlay-opacity":"","overlay-gradient":""}},"footnotes":""},"class_list":["post-1022","page","type-page","status-publish","hentry"],"acf":[],"aioseo_notices":[],"uagb_featured_image_src":{"full":false,"thumbnail":false,"medium":false,"medium_large":false,"large":false,"1536x1536":false,"2048x2048":false,"trp-custom-language-flag":false},"uagb_author_info":{"display_name":"mir4514v4@gmail.com","author_link":"https:\/\/mirabooks.blog\/lt_lt\/author\/mir4514v4gmail-com\/"},"uagb_comment_info":0,"uagb_excerpt":"\u201eTie, kurie skaito, gyvena t\u016bkstan\u010dius gyvenim\u0173. Tie, kurie neskaito \u2013 tik vien\u0105.\u201c George R. R. Martin Vien\u0105 dien\u0105 atveri knyg\u0105 \u2013 ir nebesi tas pats. \u017dod\u017eiai tampa tiltais \u012f kitus pasaulius, o kiekvienas puslapis \u2013 ma\u017eas stebuklas, kuris kei\u010dia tave i\u0161 vidaus. Paskutiniai atradimai","rttpg_featured_image_url":null,"rttpg_author":{"display_name":"mir4514v4@gmail.com","author_link":"https:\/\/mirabooks.blog\/lt_lt\/author\/mir4514v4gmail-com\/"},"rttpg_comment":0,"rttpg_category":null,"rttpg_excerpt":"\u201eTie, kurie skaito, gyvena t\u016bkstan\u010dius gyvenim\u0173. Tie, kurie neskaito \u2013 tik vien\u0105.\u201c George R. R. Martin Vien\u0105 dien\u0105 atveri knyg\u0105 \u2013 ir nebesi tas pats. \u017dod\u017eiai tampa tiltais \u012f kitus pasaulius, o kiekvienas puslapis \u2013 ma\u017eas stebuklas, kuris kei\u010dia tave i\u0161 vidaus. Paskutiniai atradimai","_links":{"self":[{"href":"https:\/\/mirabooks.blog\/lt_lt\/wp-json\/wp\/v2\/pages\/1022","targetHints":{"allow":["GET"]}}],"collection":[{"href":"https:\/\/mirabooks.blog\/lt_lt\/wp-json\/wp\/v2\/pages"}],"about":[{"href":"https:\/\/mirabooks.blog\/lt_lt\/wp-json\/wp\/v2\/types\/page"}],"author":[{"embeddable":true,"href":"https:\/\/mirabooks.blog\/lt_lt\/wp-json\/wp\/v2\/users\/1"}],"replies":[{"embeddable":true,"href":"https:\/\/mirabooks.blog\/lt_lt\/wp-json\/wp\/v2\/comments?post=1022"}],"version-history":[{"count":21,"href":"https:\/\/mirabooks.blog\/lt_lt\/wp-json\/wp\/v2\/pages\/1022\/revisions"}],"predecessor-version":[{"id":2626,"href":"https:\/\/mirabooks.blog\/lt_lt\/wp-json\/wp\/v2\/pages\/1022\/revisions\/2626"}],"wp:attachment":[{"href":"https:\/\/mirabooks.blog\/lt_lt\/wp-json\/wp\/v2\/media?parent=1022"}],"curies":[{"name":"wp","href":"https:\/\/api.w.org\/{rel}","templated":true}]}}